{"id":340,"date":"2020-02-11T17:31:09","date_gmt":"2020-02-11T16:31:09","guid":{"rendered":"https:\/\/dev.cut-wasserstrahlschneiden.de\/?page_id=340"},"modified":"2026-03-18T09:47:41","modified_gmt":"2026-03-18T08:47:41","slug":"terms-of-service","status":"publish","type":"page","link":"https:\/\/www.cut-wasserstrahlschneiden.de\/nl\/terms-of-service\/","title":{"rendered":"Terms of Service \/ Contact"},"content":{"rendered":"<div data-elementor-type=\"wp-page\" data-elementor-id=\"340\" class=\"elementor elementor-340\" data-elementor-post-type=\"page\">\n\t\t\t\t\t\t<section class=\"elementor-section elementor-top-section elementor-element elementor-element-d19c045 elementor-section-boxed elementor-section-height-default elementor-section-height-default\" data-id=\"d19c045\" data-element_type=\"section\" data-settings=\"{&quot;background_background&quot;:&quot;classic&quot;}\">\n\t\t\t\t\t\t\t<div class=\"elementor-background-overlay\"><\/div>\n\t\t\t\t\t\t\t<div class=\"elementor-container elementor-column-gap-no\">\n\t\t\t\t\t<div class=\"elementor-column elementor-col-100 elementor-top-column elementor-element elementor-element-c10042e\" data-id=\"c10042e\" data-element_type=\"column\" data-settings=\"{&quot;background_background&quot;:&quot;classic&quot;}\">\n\t\t\t<div class=\"elementor-widget-wrap elementor-element-populated\">\n\t\t\t\t\t<div class=\"elementor-background-overlay\"><\/div>\n\t\t\t\t\t\t<section class=\"elementor-section elementor-inner-section elementor-element elementor-element-61fc592 elementor-section-boxed elementor-section-height-default elementor-section-height-default\" data-id=\"61fc592\" data-element_type=\"section\">\n\t\t\t\t\t\t<div class=\"elementor-container elementor-column-gap-default\">\n\t\t\t\t\t<div class=\"elementor-column elementor-col-100 elementor-inner-column elementor-element elementor-element-2913cee\" data-id=\"2913cee\" data-element_type=\"column\" data-settings=\"{&quot;background_background&quot;:&quot;classic&quot;}\">\n\t\t\t<div class=\"elementor-widget-wrap elementor-element-populated\">\n\t\t\t\t\t\t<div class=\"elementor-element elementor-element-17d0945 elementor-widget__width-auto elementor-widget elementor-widget-heading\" data-id=\"17d0945\" data-element_type=\"widget\" data-widget_type=\"heading.default\">\n\t\t\t\t<div class=\"elementor-widget-container\">\n\t\t\t\t\t<h1 class=\"elementor-heading-title elementor-size-default\"><b>Impressum und rechtliche Hinweise<\/b><\/h1>\t\t\t\t<\/div>\n\t\t\t\t<\/div>\n\t\t\t\t\t<\/div>\n\t\t<\/div>\n\t\t\t\t\t<\/div>\n\t\t<\/section>\n\t\t\t\t\t<\/div>\n\t\t<\/div>\n\t\t\t\t\t<\/div>\n\t\t<\/section>\n\t\t\t\t<section class=\"elementor-section elementor-top-section elementor-element elementor-element-e380564 elementor-section-boxed elementor-section-height-default elementor-section-height-default\" data-id=\"e380564\" data-element_type=\"section\" data-settings=\"{&quot;background_background&quot;:&quot;classic&quot;}\">\n\t\t\t\t\t\t<div class=\"elementor-container elementor-column-gap-default\">\n\t\t\t\t\t<div class=\"elementor-column elementor-col-100 elementor-top-column elementor-element elementor-element-7b68cee\" data-id=\"7b68cee\" data-element_type=\"column\">\n\t\t\t<div class=\"elementor-widget-wrap elementor-element-populated\">\n\t\t\t\t\t\t<section class=\"elementor-section elementor-inner-section elementor-element elementor-element-cfe4878 elementor-section-boxed elementor-section-height-default elementor-section-height-default\" data-id=\"cfe4878\" data-element_type=\"section\">\n\t\t\t\t\t\t<div class=\"elementor-container elementor-column-gap-default\">\n\t\t\t\t\t<div class=\"elementor-column elementor-col-100 elementor-inner-column elementor-element elementor-element-bf48221\" data-id=\"bf48221\" data-element_type=\"column\">\n\t\t\t<div class=\"elementor-widget-wrap elementor-element-populated\">\n\t\t\t\t\t\t<div class=\"elementor-element elementor-element-a710079 elementor-widget elementor-widget-text-editor\" data-id=\"a710079\" data-element_type=\"widget\" data-widget_type=\"text-editor.default\">\n\t\t\t\t<div class=\"elementor-widget-container\">\n\t\t\t\t\t\t\t\t\t<p><strong>Responsible Party<\/strong><\/p><p>CUT Wasserstrahlschneidtechnik GmbH<br \/>Konstantinstr. 365<br \/>41238 M\u00f6nchengladbach (Germany)<\/p><p>Tel.: +49 2166 133079-0<br \/>Fax: +49 2166 133079-9<br \/>Mail: info@cut-wasserstrahlschneiden.de<\/p><p>Represented by Oliver Dohmen<\/p><p>Registered in the Commercial Register at the M\u00f6nchengladbach District Court, HRB 16243<\/p><p>VAT ID No.: DE815154409<\/p>\t\t\t\t\t\t\t\t<\/div>\n\t\t\t\t<\/div>\n\t\t\t\t\t<\/div>\n\t\t<\/div>\n\t\t\t\t\t<\/div>\n\t\t<\/section>\n\t\t\t\t<div class=\"elementor-element elementor-element-5102b7a elementor-align-left elementor-widget elementor-widget-button\" data-id=\"5102b7a\" data-element_type=\"widget\" data-widget_type=\"button.default\">\n\t\t\t\t<div class=\"elementor-widget-container\">\n\t\t\t\t\t\t\t\t\t<div class=\"elementor-button-wrapper\">\n\t\t\t\t\t<a class=\"elementor-button elementor-button-link elementor-size-sm elementor-animation-shrink\" href=\"\/nl\/ansprechpartner\/\">\n\t\t\t\t\t\t<span class=\"elementor-button-content-wrapper\">\n\t\t\t\t\t\t\t\t\t<span class=\"elementor-button-text\">Zum Kontaktformular<\/span>\n\t\t\t\t\t<\/span>\n\t\t\t\t\t<\/a>\n\t\t\t\t<\/div>\n\t\t\t\t\t\t\t\t<\/div>\n\t\t\t\t<\/div>\n\t\t\t\t<div class=\"elementor-element elementor-element-f422d70 elementor-align-left elementor-widget elementor-widget-button\" data-id=\"f422d70\" data-element_type=\"widget\" data-widget_type=\"button.default\">\n\t\t\t\t<div class=\"elementor-widget-container\">\n\t\t\t\t\t\t\t\t\t<div class=\"elementor-button-wrapper\">\n\t\t\t\t\t<a class=\"elementor-button elementor-button-link elementor-size-sm elementor-animation-shrink\" href=\"\/nl\/quellenverzeichnis\/\">\n\t\t\t\t\t\t<span class=\"elementor-button-content-wrapper\">\n\t\t\t\t\t\t\t\t\t<span class=\"elementor-button-text\">Quellenverzeichnis f\u00fcr Webseiteninhalte<\/span>\n\t\t\t\t\t<\/span>\n\t\t\t\t\t<\/a>\n\t\t\t\t<\/div>\n\t\t\t\t\t\t\t\t<\/div>\n\t\t\t\t<\/div>\n\t\t\t\t\t<\/div>\n\t\t<\/div>\n\t\t\t\t\t<\/div>\n\t\t<\/section>\n\t\t\t\t<section class=\"elementor-section elementor-top-section elementor-element elementor-element-d9302a3 elementor-section-boxed elementor-section-height-default elementor-section-height-default\" data-id=\"d9302a3\" data-element_type=\"section\" data-settings=\"{&quot;background_background&quot;:&quot;classic&quot;}\">\n\t\t\t\t\t\t<div class=\"elementor-container elementor-column-gap-default\">\n\t\t\t\t\t<div class=\"elementor-column elementor-col-100 elementor-top-column elementor-element elementor-element-bcbad1c\" data-id=\"bcbad1c\" data-element_type=\"column\">\n\t\t\t<div class=\"elementor-widget-wrap elementor-element-populated\">\n\t\t\t\t\t\t<section class=\"elementor-section elementor-inner-section elementor-element elementor-element-e090eac elementor-section-boxed elementor-section-height-default elementor-section-height-default\" data-id=\"e090eac\" data-element_type=\"section\">\n\t\t\t\t\t\t<div class=\"elementor-container elementor-column-gap-default\">\n\t\t\t\t\t<div class=\"elementor-column elementor-col-100 elementor-inner-column elementor-element elementor-element-819bca4\" data-id=\"819bca4\" data-element_type=\"column\">\n\t\t\t<div class=\"elementor-widget-wrap elementor-element-populated\">\n\t\t\t\t\t\t<div class=\"elementor-element elementor-element-7eeb0a3 elementor-widget elementor-widget-heading\" data-id=\"7eeb0a3\" data-element_type=\"widget\" data-widget_type=\"heading.default\">\n\t\t\t\t<div class=\"elementor-widget-container\">\n\t\t\t\t\t<h2 class=\"elementor-heading-title elementor-size-default\">Legal Notice<\/h2>\t\t\t\t<\/div>\n\t\t\t\t<\/div>\n\t\t\t\t<div class=\"elementor-element elementor-element-69b5ad2 elementor-widget-divider--view-line elementor-widget elementor-widget-divider\" data-id=\"69b5ad2\" data-element_type=\"widget\" data-widget_type=\"divider.default\">\n\t\t\t\t<div class=\"elementor-widget-container\">\n\t\t\t\t\t\t\t<div class=\"elementor-divider\">\n\t\t\t<span class=\"elementor-divider-separator\">\n\t\t\t\t\t\t<\/span>\n\t\t<\/div>\n\t\t\t\t\t\t<\/div>\n\t\t\t\t<\/div>\n\t\t\t\t<div class=\"elementor-element elementor-element-01cfca2 elementor-widget-divider--view-line elementor-widget elementor-widget-divider\" data-id=\"01cfca2\" data-element_type=\"widget\" data-widget_type=\"divider.default\">\n\t\t\t\t<div class=\"elementor-widget-container\">\n\t\t\t\t\t\t\t<div class=\"elementor-divider\">\n\t\t\t<span class=\"elementor-divider-separator\">\n\t\t\t\t\t\t<\/span>\n\t\t<\/div>\n\t\t\t\t\t\t<\/div>\n\t\t\t\t<\/div>\n\t\t\t\t\t<\/div>\n\t\t<\/div>\n\t\t\t\t\t<\/div>\n\t\t<\/section>\n\t\t\t\t<section class=\"elementor-section elementor-inner-section elementor-element elementor-element-d4969d9 elementor-section-boxed elementor-section-height-default elementor-section-height-default\" data-id=\"d4969d9\" data-element_type=\"section\">\n\t\t\t\t\t\t<div class=\"elementor-container elementor-column-gap-default\">\n\t\t\t\t\t<div class=\"elementor-column elementor-col-100 elementor-inner-column elementor-element elementor-element-af5cb52\" data-id=\"af5cb52\" data-element_type=\"column\">\n\t\t\t<div class=\"elementor-widget-wrap elementor-element-populated\">\n\t\t\t\t\t\t<div class=\"elementor-element elementor-element-0ecf63b elementor-widget elementor-widget-text-editor\" data-id=\"0ecf63b\" data-element_type=\"widget\" data-widget_type=\"text-editor.default\">\n\t\t\t\t<div class=\"elementor-widget-container\">\n\t\t\t\t\t\t\t\t\t<p><strong>Content<\/strong><\/p><p>The content of our website is created with the utmost care. However, we do not guarantee the accuracy, completeness, or up-to-dateness of the provided content.<\/p><p><strong>Availability<\/strong><\/p><p>We strive to offer our website without interruptions. However, downtime cannot be excluded, even with all due care. We reserve the right to change or discontinue our offering at any time. We do not accept liability for interruptions or other disruptions caused by incorrectly created files or incorrectly structured formats.<\/p><p><strong>Copyright<\/strong><\/p><p>The content and structure of this website are protected by copyright and ancillary copyright laws. Publication on the internet does not constitute consent for any other use by third parties. Any use not permitted under German copyright law requires our prior written consent.<\/p><p><strong>External Links<\/strong><\/p><p>As content providers, we are responsible for our \u201cown content\u201d made available for use in accordance with \u00a7 7 Para. 1 Telemedia Act and general laws. External content, provided by other providers, is to be distinguished from our own content by means of hyperlinks (\"Links\"). Through the hyperlink, we make \"third-party content\" available for use, which is marked as such. \"Links\" are always dynamic references. We checked the external content for potential civil or criminal liability when we first linked to it. However, we do not constantly monitor the content to which we refer for changes that might trigger new liability. If we discover or are notified by others that a specific offer to which we have linked triggers civil or criminal liability, we will remove the link to this offer.<\/p>\t\t\t\t\t\t\t\t<\/div>\n\t\t\t\t<\/div>\n\t\t\t\t\t<\/div>\n\t\t<\/div>\n\t\t\t\t\t<\/div>\n\t\t<\/section>\n\t\t\t\t<section class=\"elementor-section elementor-inner-section elementor-element elementor-element-6bd62e6 elementor-section-boxed elementor-section-height-default elementor-section-height-default\" data-id=\"6bd62e6\" data-element_type=\"section\">\n\t\t\t\t\t\t<div class=\"elementor-container elementor-column-gap-default\">\n\t\t\t\t\t<div class=\"elementor-column elementor-col-50 elementor-inner-column elementor-element elementor-element-965a10f\" data-id=\"965a10f\" data-element_type=\"column\">\n\t\t\t<div class=\"elementor-widget-wrap elementor-element-populated\">\n\t\t\t\t\t\t<div class=\"elementor-element elementor-element-5c31631 elementor-align-center elementor-widget elementor-widget-button\" data-id=\"5c31631\" data-element_type=\"widget\" data-widget_type=\"button.default\">\n\t\t\t\t<div class=\"elementor-widget-container\">\n\t\t\t\t\t\t\t\t\t<div class=\"elementor-button-wrapper\">\n\t\t\t\t\t<a class=\"elementor-button elementor-button-link elementor-size-sm elementor-animation-shrink\" href=\"\/nl\/privacy-policy\/\">\n\t\t\t\t\t\t<span class=\"elementor-button-content-wrapper\">\n\t\t\t\t\t\t\t\t\t<span class=\"elementor-button-text\">Privacy Policy<\/span>\n\t\t\t\t\t<\/span>\n\t\t\t\t\t<\/a>\n\t\t\t\t<\/div>\n\t\t\t\t\t\t\t\t<\/div>\n\t\t\t\t<\/div>\n\t\t\t\t\t<\/div>\n\t\t<\/div>\n\t\t\t\t<div class=\"elementor-column elementor-col-50 elementor-inner-column elementor-element elementor-element-7a5aa7e\" data-id=\"7a5aa7e\" data-element_type=\"column\">\n\t\t\t<div class=\"elementor-widget-wrap elementor-element-populated\">\n\t\t\t\t\t\t<div class=\"elementor-element elementor-element-2392512 elementor-align-center elementor-widget elementor-widget-button\" data-id=\"2392512\" data-element_type=\"widget\" data-widget_type=\"button.default\">\n\t\t\t\t<div class=\"elementor-widget-container\">\n\t\t\t\t\t\t\t\t\t<div class=\"elementor-button-wrapper\">\n\t\t\t\t\t<a class=\"elementor-button elementor-button-link elementor-size-sm elementor-animation-shrink\" href=\"\/nl\/delivery-terms\/\">\n\t\t\t\t\t\t<span class=\"elementor-button-content-wrapper\">\n\t\t\t\t\t\t\t\t\t<span class=\"elementor-button-text\">Delivery terms<\/span>\n\t\t\t\t\t<\/span>\n\t\t\t\t\t<\/a>\n\t\t\t\t<\/div>\n\t\t\t\t\t\t\t\t<\/div>\n\t\t\t\t<\/div>\n\t\t\t\t\t<\/div>\n\t\t<\/div>\n\t\t\t\t\t<\/div>\n\t\t<\/section>\n\t\t\t\t\t<\/div>\n\t\t<\/div>\n\t\t\t\t\t<\/div>\n\t\t<\/section>\n\t\t\t\t<\/div>","protected":false},"excerpt":{"rendered":"<p>Impressum und rechtliche Hinweise Verantwortlicher CUT Wasserstrahlschneidtechnik GmbHKonstantinstr. 36541238 M\u00f6nchengladbach Tel.: +49 2166 133079-0Fax: +49 2166 133079-9Mail: info@cut-wasserstrahlschneiden.de Vertreten durch Oliver Dohmen Eingetragen im Handelsregister Amtsgericht M\u00f6nchengladbach, HRB 16243 USt-IdNr: DE815154409 Zum Kontaktformular Quellenverzeichnis f\u00fcr Webseiteninhalte Rechtliche Hinweise Inhalte Die Inhalte unserer Website werden mit gr\u00f6\u00dftm\u00f6glicher Sorgfalt erstellt. Wir \u00fcbernehmen jedoch keine Gew\u00e4hr f\u00fcr die [&hellip;]<\/p>","protected":false},"author":1,"featured_media":458,"parent":0,"menu_order":0,"comment_status":"closed","ping_status":"closed","template":"","meta":{"_monsterinsights_skip_tracking":false,"_monsterinsights_sitenote_active":false,"_monsterinsights_sitenote_note":"","_monsterinsights_sitenote_category":0,"footnotes":""},"class_list":["post-340","page","type-page","status-publish","has-post-thumbnail","hentry"],"yoast_head":"<!-- This site is optimized with the Yoast SEO plugin v26.2 - https:\/\/yoast.com\/wordpress\/plugins\/seo\/ -->\n<title>Impressum \u2013 CUT Wasserstrahlschneidtechnik<\/title>\n<meta name=\"description\" content=\"Impressum und rechtliche Hinweise der CUT Wasserstrahlschneidtechnik GmbH in M\u00f6nchengladbach NRW.\" \/>\n<meta name=\"robots\" content=\"noindex, follow\" \/>\n<meta name=\"twitter:label1\" content=\"Geschatte leestijd\" \/>\n\t<meta name=\"twitter:data1\" content=\"2 minuten\" \/>\n<script type=\"application\/ld+json\" class=\"yoast-schema-graph\">{\"@context\":\"https:\/\/schema.org\",\"@graph\":[{\"@type\":\"WebPage\",\"@id\":\"https:\/\/www.cut-wasserstrahlschneiden.de\/impressum\/\",\"url\":\"https:\/\/www.cut-wasserstrahlschneiden.de\/impressum\/\",\"name\":\"Impressum \u2013 CUT Wasserstrahlschneidtechnik\",\"isPartOf\":{\"@id\":\"https:\/\/www.cut-wasserstrahlschneiden.de\/#website\"},\"primaryImageOfPage\":{\"@id\":\"https:\/\/www.cut-wasserstrahlschneiden.de\/impressum\/#primaryimage\"},\"image\":{\"@id\":\"https:\/\/www.cut-wasserstrahlschneiden.de\/impressum\/#primaryimage\"},\"thumbnailUrl\":\"https:\/\/www.cut-wasserstrahlschneiden.de\/wp-content\/uploads\/2020\/02\/header01.jpg\",\"datePublished\":\"2020-02-11T16:31:09+00:00\",\"dateModified\":\"2026-03-18T08:47:41+00:00\",\"description\":\"Impressum und rechtliche Hinweise der CUT Wasserstrahlschneidtechnik GmbH in M\u00f6nchengladbach NRW.\",\"breadcrumb\":{\"@id\":\"https:\/\/www.cut-wasserstrahlschneiden.de\/impressum\/#breadcrumb\"},\"inLanguage\":\"nl-NL\",\"potentialAction\":[{\"@type\":\"ReadAction\",\"target\":[\"https:\/\/www.cut-wasserstrahlschneiden.de\/impressum\/\"]}]},{\"@type\":\"ImageObject\",\"inLanguage\":\"nl-NL\",\"@id\":\"https:\/\/www.cut-wasserstrahlschneiden.de\/impressum\/#primaryimage\",\"url\":\"https:\/\/www.cut-wasserstrahlschneiden.de\/wp-content\/uploads\/2020\/02\/header01.jpg\",\"contentUrl\":\"https:\/\/www.cut-wasserstrahlschneiden.de\/wp-content\/uploads\/2020\/02\/header01.jpg\",\"width\":1920,\"height\":450,\"caption\":\"Wasserstrahlschneidetechnik f\u00fcr hochwertige Wasserstrahlzuschnitte nach Ma\u00df.\"},{\"@type\":\"BreadcrumbList\",\"@id\":\"https:\/\/www.cut-wasserstrahlschneiden.de\/impressum\/#breadcrumb\",\"itemListElement\":[{\"@type\":\"ListItem\",\"position\":1,\"name\":\"Home\",\"item\":\"https:\/\/www.cut-wasserstrahlschneiden.de\/\"},{\"@type\":\"ListItem\",\"position\":2,\"name\":\"Impressum\"}]},{\"@type\":\"WebSite\",\"@id\":\"https:\/\/www.cut-wasserstrahlschneiden.de\/#website\",\"url\":\"https:\/\/www.cut-wasserstrahlschneiden.de\/\",\"name\":\"CUT Wasserstrahlschneidtechnik GmbH\",\"description\":\"\",\"publisher\":{\"@id\":\"https:\/\/www.cut-wasserstrahlschneiden.de\/#organization\"},\"potentialAction\":[{\"@type\":\"SearchAction\",\"target\":{\"@type\":\"EntryPoint\",\"urlTemplate\":\"https:\/\/www.cut-wasserstrahlschneiden.de\/?s={search_term_string}\"},\"query-input\":{\"@type\":\"PropertyValueSpecification\",\"valueRequired\":true,\"valueName\":\"search_term_string\"}}],\"inLanguage\":\"nl-NL\"},{\"@type\":\"Organization\",\"@id\":\"https:\/\/www.cut-wasserstrahlschneiden.de\/#organization\",\"name\":\"CUT Wasserstrahlschneidtechnik GmbH\",\"url\":\"https:\/\/www.cut-wasserstrahlschneiden.de\/\",\"logo\":{\"@type\":\"ImageObject\",\"inLanguage\":\"nl-NL\",\"@id\":\"https:\/\/www.cut-wasserstrahlschneiden.de\/#\/schema\/logo\/image\/\",\"url\":\"https:\/\/www.cut-wasserstrahlschneiden.de\/wp-content\/uploads\/2020\/03\/logo.png\",\"contentUrl\":\"https:\/\/www.cut-wasserstrahlschneiden.de\/wp-content\/uploads\/2020\/03\/logo.png\",\"width\":350,\"height\":88,\"caption\":\"CUT Wasserstrahlschneidtechnik GmbH\"},\"image\":{\"@id\":\"https:\/\/www.cut-wasserstrahlschneiden.de\/#\/schema\/logo\/image\/\"}}]}<\/script>\n<!-- \/ Yoast SEO plugin. -->","yoast_head_json":{"title":"Impressum \u2013 CUT Wasserstrahlschneidtechnik","description":"Impressum und rechtliche Hinweise der CUT Wasserstrahlschneidtechnik GmbH in M\u00f6nchengladbach NRW.","robots":{"index":"noindex","follow":"follow"},"twitter_misc":{"Geschatte leestijd":"2 minuten"},"schema":{"@context":"https:\/\/schema.org","@graph":[{"@type":"WebPage","@id":"https:\/\/www.cut-wasserstrahlschneiden.de\/impressum\/","url":"https:\/\/www.cut-wasserstrahlschneiden.de\/impressum\/","name":"Impressum \u2013 CUT Wasserstrahlschneidtechnik","isPartOf":{"@id":"https:\/\/www.cut-wasserstrahlschneiden.de\/#website"},"primaryImageOfPage":{"@id":"https:\/\/www.cut-wasserstrahlschneiden.de\/impressum\/#primaryimage"},"image":{"@id":"https:\/\/www.cut-wasserstrahlschneiden.de\/impressum\/#primaryimage"},"thumbnailUrl":"https:\/\/www.cut-wasserstrahlschneiden.de\/wp-content\/uploads\/2020\/02\/header01.jpg","datePublished":"2020-02-11T16:31:09+00:00","dateModified":"2026-03-18T08:47:41+00:00","description":"Impressum und rechtliche Hinweise der CUT Wasserstrahlschneidtechnik GmbH in M\u00f6nchengladbach NRW.","breadcrumb":{"@id":"https:\/\/www.cut-wasserstrahlschneiden.de\/impressum\/#breadcrumb"},"inLanguage":"nl-NL","potentialAction":[{"@type":"ReadAction","target":["https:\/\/www.cut-wasserstrahlschneiden.de\/impressum\/"]}]},{"@type":"ImageObject","inLanguage":"nl-NL","@id":"https:\/\/www.cut-wasserstrahlschneiden.de\/impressum\/#primaryimage","url":"https:\/\/www.cut-wasserstrahlschneiden.de\/wp-content\/uploads\/2020\/02\/header01.jpg","contentUrl":"https:\/\/www.cut-wasserstrahlschneiden.de\/wp-content\/uploads\/2020\/02\/header01.jpg","width":1920,"height":450,"caption":"Wasserstrahlschneidetechnik f\u00fcr hochwertige Wasserstrahlzuschnitte nach Ma\u00df."},{"@type":"BreadcrumbList","@id":"https:\/\/www.cut-wasserstrahlschneiden.de\/impressum\/#breadcrumb","itemListElement":[{"@type":"ListItem","position":1,"name":"Home","item":"https:\/\/www.cut-wasserstrahlschneiden.de\/"},{"@type":"ListItem","position":2,"name":"Impressum"}]},{"@type":"WebSite","@id":"https:\/\/www.cut-wasserstrahlschneiden.de\/#website","url":"https:\/\/www.cut-wasserstrahlschneiden.de\/","name":"CUT Wasserstrahlschneidtechnik GmbH","description":"","publisher":{"@id":"https:\/\/www.cut-wasserstrahlschneiden.de\/#organization"},"potentialAction":[{"@type":"SearchAction","target":{"@type":"EntryPoint","urlTemplate":"https:\/\/www.cut-wasserstrahlschneiden.de\/?s={search_term_string}"},"query-input":{"@type":"PropertyValueSpecification","valueRequired":true,"valueName":"search_term_string"}}],"inLanguage":"nl-NL"},{"@type":"Organization","@id":"https:\/\/www.cut-wasserstrahlschneiden.de\/#organization","name":"CUT Wasserstrahlschneidtechnik GmbH","url":"https:\/\/www.cut-wasserstrahlschneiden.de\/","logo":{"@type":"ImageObject","inLanguage":"nl-NL","@id":"https:\/\/www.cut-wasserstrahlschneiden.de\/#\/schema\/logo\/image\/","url":"https:\/\/www.cut-wasserstrahlschneiden.de\/wp-content\/uploads\/2020\/03\/logo.png","contentUrl":"https:\/\/www.cut-wasserstrahlschneiden.de\/wp-content\/uploads\/2020\/03\/logo.png","width":350,"height":88,"caption":"CUT Wasserstrahlschneidtechnik GmbH"},"image":{"@id":"https:\/\/www.cut-wasserstrahlschneiden.de\/#\/schema\/logo\/image\/"}}]}},"_links":{"self":[{"href":"https:\/\/www.cut-wasserstrahlschneiden.de\/nl\/wp-json\/wp\/v2\/pages\/340","targetHints":{"allow":["GET"]}}],"collection":[{"href":"https:\/\/www.cut-wasserstrahlschneiden.de\/nl\/wp-json\/wp\/v2\/pages"}],"about":[{"href":"https:\/\/www.cut-wasserstrahlschneiden.de\/nl\/wp-json\/wp\/v2\/types\/page"}],"author":[{"embeddable":true,"href":"https:\/\/www.cut-wasserstrahlschneiden.de\/nl\/wp-json\/wp\/v2\/users\/1"}],"replies":[{"embeddable":true,"href":"https:\/\/www.cut-wasserstrahlschneiden.de\/nl\/wp-json\/wp\/v2\/comments?post=340"}],"version-history":[{"count":43,"href":"https:\/\/www.cut-wasserstrahlschneiden.de\/nl\/wp-json\/wp\/v2\/pages\/340\/revisions"}],"predecessor-version":[{"id":11091,"href":"https:\/\/www.cut-wasserstrahlschneiden.de\/nl\/wp-json\/wp\/v2\/pages\/340\/revisions\/11091"}],"wp:featuredmedia":[{"embeddable":true,"href":"https:\/\/www.cut-wasserstrahlschneiden.de\/nl\/wp-json\/wp\/v2\/media\/458"}],"wp:attachment":[{"href":"https:\/\/www.cut-wasserstrahlschneiden.de\/nl\/wp-json\/wp\/v2\/media?parent=340"}],"curies":[{"name":"wp","href":"https:\/\/api.w.org\/{rel}","templated":true}]}}