{"id":889,"date":"2020-03-05T15:38:50","date_gmt":"2020-03-05T14:38:50","guid":{"rendered":"https:\/\/dev.cut-wasserstrahlschneiden.de\/?page_id=889"},"modified":"2025-11-18T20:45:04","modified_gmt":"2025-11-18T19:45:04","slug":"contact","status":"publish","type":"page","link":"https:\/\/www.cut-wasserstrahlschneiden.de\/nl\/contact\/","title":{"rendered":"Kontakt"},"content":{"rendered":"<div data-elementor-type=\"wp-page\" data-elementor-id=\"889\" class=\"elementor elementor-889\" data-elementor-post-type=\"page\">\n\t\t\t\t\t\t<section class=\"elementor-section elementor-top-section elementor-element elementor-element-adcbb6a elementor-section-boxed elementor-section-height-default elementor-section-height-default\" data-id=\"adcbb6a\" data-element_type=\"section\">\n\t\t\t\t\t\t<div class=\"elementor-container elementor-column-gap-default\">\n\t\t\t\t\t<div class=\"elementor-column elementor-col-100 elementor-top-column elementor-element elementor-element-7906d16\" data-id=\"7906d16\" data-element_type=\"column\">\n\t\t\t<div class=\"elementor-widget-wrap elementor-element-populated\">\n\t\t\t\t\t\t<div class=\"elementor-element elementor-element-0c61383 elementor-widget elementor-widget-heading\" data-id=\"0c61383\" data-element_type=\"widget\" data-widget_type=\"heading.default\">\n\t\t\t\t<div class=\"elementor-widget-container\">\n\t\t\t\t\t<h1 class=\"elementor-heading-title elementor-size-default\">Fijn dat we u hebben kunnen overtuigen!<\/h1>\t\t\t\t<\/div>\n\t\t\t\t<\/div>\n\t\t\t\t<div class=\"elementor-element elementor-element-d815e79 elementor-widget elementor-widget-text-editor\" data-id=\"d815e79\" data-element_type=\"widget\" data-widget_type=\"text-editor.default\">\n\t\t\t\t<div class=\"elementor-widget-container\">\n\t\t\t\t\t\t\t\t\t<p>Onze experts staan graag telefonisch of per e-mail voor u klaar om u te adviseren en de meest economische oplossing voor uw specifieke behoeften te vinden. Bezoek ons ook gerust in M\u00f6nchengladbach (Duitsland), om de mogelijke opties ter plaatse te bespreken.<\/p>\t\t\t\t\t\t\t\t<\/div>\n\t\t\t\t<\/div>\n\t\t\t\t\t<\/div>\n\t\t<\/div>\n\t\t\t\t\t<\/div>\n\t\t<\/section>\n\t\t\t\t<section class=\"elementor-section elementor-top-section elementor-element elementor-element-39f42bc elementor-section-boxed elementor-section-height-default elementor-section-height-default\" data-id=\"39f42bc\" data-element_type=\"section\">\n\t\t\t\t\t\t<div class=\"elementor-container elementor-column-gap-default\">\n\t\t\t\t\t<div class=\"elementor-column elementor-col-33 elementor-top-column elementor-element elementor-element-2d9829c\" data-id=\"2d9829c\" data-element_type=\"column\">\n\t\t\t<div class=\"elementor-widget-wrap elementor-element-populated\">\n\t\t\t\t\t\t<div class=\"elementor-element elementor-element-8f28ee0 elementor-widget elementor-widget-text-editor\" data-id=\"8f28ee0\" data-element_type=\"widget\" data-widget_type=\"text-editor.default\">\n\t\t\t\t<div class=\"elementor-widget-container\">\n\t\t\t\t\t\t\t\t\t<p><strong>CUT Wasserstrahlschneidtechnik GmbH<\/strong><br \/><strong>Konstantinstr. 365<\/strong><br \/><strong>41238 M\u00f6nchengladbach (Germany)<\/strong><\/p>\t\t\t\t\t\t\t\t<\/div>\n\t\t\t\t<\/div>\n\t\t\t\t<div class=\"elementor-element elementor-element-972899e elementor-widget elementor-widget-text-editor\" data-id=\"972899e\" data-element_type=\"widget\" data-widget_type=\"text-editor.default\">\n\t\t\t\t<div class=\"elementor-widget-container\">\n\t\t\t\t\t\t\t\t\t<p><strong><a href=\"#Anfahrt\">Voor routebeschrijving <\/a><\/strong><\/p>\t\t\t\t\t\t\t\t<\/div>\n\t\t\t\t<\/div>\n\t\t\t\t\t<\/div>\n\t\t<\/div>\n\t\t\t\t<div class=\"elementor-column elementor-col-33 elementor-top-column elementor-element elementor-element-f042086\" data-id=\"f042086\" data-element_type=\"column\">\n\t\t\t<div class=\"elementor-widget-wrap elementor-element-populated\">\n\t\t\t\t\t\t<div class=\"elementor-element elementor-element-bbd5c59 elementor-widget elementor-widget-text-editor\" data-id=\"bbd5c59\" data-element_type=\"widget\" data-widget_type=\"text-editor.default\">\n\t\t\t\t<div class=\"elementor-widget-container\">\n\t\t\t\t\t\t\t\t\t<p>T: +49 2166 133079-0<br \/>F: +49 2166 133079-9<br \/>E: <a href=\"mailto:info@cut-wasserstrahlschneiden.de\">info@cut-wasserstrahlschneiden.de<\/a><\/p>\t\t\t\t\t\t\t\t<\/div>\n\t\t\t\t<\/div>\n\t\t\t\t\t<\/div>\n\t\t<\/div>\n\t\t\t\t<div class=\"elementor-column elementor-col-33 elementor-top-column elementor-element elementor-element-71fb6f2\" data-id=\"71fb6f2\" data-element_type=\"column\">\n\t\t\t<div class=\"elementor-widget-wrap elementor-element-populated\">\n\t\t\t\t\t\t<div class=\"elementor-element elementor-element-c28597b elementor-widget elementor-widget-image\" data-id=\"c28597b\" data-element_type=\"widget\" data-widget_type=\"image.default\">\n\t\t\t\t<div class=\"elementor-widget-container\">\n\t\t\t\t\t\t\t\t\t\t\t\t\t\t\t<img fetchpriority=\"high\" decoding=\"async\" width=\"500\" height=\"333\" src=\"https:\/\/www.cut-wasserstrahlschneiden.de\/wp-content\/uploads\/2020\/03\/cut01.jpg\" class=\"attachment-large size-large wp-image-1090\" alt=\"Servicecenter: Unsere Experten f\u00fcr Wasserstrahlschneiden sind Ihr Ansprechpartner f\u00fcr hochwertige Wasserstrahlzuschnitte nach Ma\u00df.\" srcset=\"https:\/\/www.cut-wasserstrahlschneiden.de\/wp-content\/uploads\/2020\/03\/cut01.jpg 500w, https:\/\/www.cut-wasserstrahlschneiden.de\/wp-content\/uploads\/2020\/03\/cut01-300x200.jpg 300w\" sizes=\"(max-width: 500px) 100vw, 500px\" \/>\t\t\t\t\t\t\t\t\t\t\t\t\t\t\t<\/div>\n\t\t\t\t<\/div>\n\t\t\t\t\t<\/div>\n\t\t<\/div>\n\t\t\t\t\t<\/div>\n\t\t<\/section>\n\t\t\t\t<section class=\"elementor-section elementor-top-section elementor-element elementor-element-c02098f elementor-section-boxed elementor-section-height-default elementor-section-height-default\" data-id=\"c02098f\" data-element_type=\"section\" data-settings=\"{&quot;background_background&quot;:&quot;classic&quot;}\">\n\t\t\t\t\t\t<div class=\"elementor-container elementor-column-gap-default\">\n\t\t\t\t\t<div class=\"elementor-column elementor-col-100 elementor-top-column elementor-element elementor-element-3431b10\" data-id=\"3431b10\" data-element_type=\"column\">\n\t\t\t<div class=\"elementor-widget-wrap elementor-element-populated\">\n\t\t\t\t\t\t<div class=\"elementor-element elementor-element-5827ac6 elementor-widget elementor-widget-heading\" data-id=\"5827ac6\" data-element_type=\"widget\" data-widget_type=\"heading.default\">\n\t\t\t\t<div class=\"elementor-widget-container\">\n\t\t\t\t\t<h2 class=\"elementor-heading-title elementor-size-default\">Contact Form<\/h2>\t\t\t\t<\/div>\n\t\t\t\t<\/div>\n\t\t\t\t<div class=\"elementor-element elementor-element-5f7e74f elementor-widget elementor-widget-text-editor\" data-id=\"5f7e74f\" data-element_type=\"widget\" data-widget_type=\"text-editor.default\">\n\t\t\t\t<div class=\"elementor-widget-container\">\n\t\t\t\t\t\t\t\t\t<p>Tekeningen en andere bestanden kunt u direct via e-mail naar ons team sturen:<\/p><p><a style=\"font-weight: bold;\" href=\"mailto:info@cut-wasserstrahlschneiden.de\">info@cut-wasserstrahlschneiden.de<\/a><\/p>\t\t\t\t\t\t\t\t<\/div>\n\t\t\t\t<\/div>\n\t\t\t\t<div class=\"elementor-element elementor-element-7fec11c elementor-button-align-end elementor-widget elementor-widget-form\" data-id=\"7fec11c\" data-element_type=\"widget\" data-settings=\"{&quot;step_next_label&quot;:&quot;N\\u00e4chster&quot;,&quot;step_previous_label&quot;:&quot;Voriger&quot;,&quot;button_width&quot;:&quot;100&quot;,&quot;step_type&quot;:&quot;number_text&quot;,&quot;step_icon_shape&quot;:&quot;circle&quot;}\" data-widget_type=\"form.default\">\n\t\t\t\t<div class=\"elementor-widget-container\">\n\t\t\t\t\t\t\t<form class=\"elementor-form\" method=\"post\" name=\"Kontaktformular\" aria-label=\"Contact Form\" action=\"\">\n\t\t\t<input type=\"hidden\" name=\"post_id\" value=\"889\"\/>\n\t\t\t<input type=\"hidden\" name=\"form_id\" value=\"7fec11c\"\/>\n\t\t\t<input type=\"hidden\" name=\"referer_title\" value=\"CUT Wasserstrahlschneidtechnik GmbH\" \/>\n\n\t\t\t\n\t\t\t<div class=\"elementor-form-fields-wrapper elementor-labels-\">\n\t\t\t\t\t\t\t\t<div class=\"elementor-field-type-text elementor-field-group elementor-column elementor-field-group-firma elementor-col-50\">\n\t\t\t\t\t\t\t\t\t\t\t\t<label for=\"form-field-firma\" class=\"elementor-field-label elementor-screen-only\">\n\t\t\t\t\t\t\t\tBedrijf\t\t\t\t\t\t\t<\/label>\n\t\t\t\t\t\t\t\t\t\t\t\t\t\t<input size=\"1\" type=\"text\" name=\"form_fields[firma]\" id=\"form-field-firma\" class=\"elementor-field elementor-size-sm  elementor-field-textual\" placeholder=\"Bedrijf\">\n\t\t\t\t\t\t\t\t\t\t\t<\/div>\n\t\t\t\t\t\t\t\t<div class=\"elementor-field-type-text elementor-field-group elementor-column elementor-field-group-name elementor-col-50 elementor-field-required\">\n\t\t\t\t\t\t\t\t\t\t\t\t<label for=\"form-field-name\" class=\"elementor-field-label elementor-screen-only\">\n\t\t\t\t\t\t\t\tName\t\t\t\t\t\t\t<\/label>\n\t\t\t\t\t\t\t\t\t\t\t\t\t\t<input size=\"1\" type=\"text\" name=\"form_fields[name]\" id=\"form-field-name\" class=\"elementor-field elementor-size-sm  elementor-field-textual\" placeholder=\"Naam\" required=\"required\">\n\t\t\t\t\t\t\t\t\t\t\t<\/div>\n\t\t\t\t\t\t\t\t<div class=\"elementor-field-type-email elementor-field-group elementor-column elementor-field-group-email elementor-col-50 elementor-field-required\">\n\t\t\t\t\t\t\t\t\t\t\t\t<label for=\"form-field-email\" class=\"elementor-field-label elementor-screen-only\">\n\t\t\t\t\t\t\t\tE-Mail\t\t\t\t\t\t\t<\/label>\n\t\t\t\t\t\t\t\t\t\t\t\t\t\t<input size=\"1\" type=\"email\" name=\"form_fields[email]\" id=\"form-field-email\" class=\"elementor-field elementor-size-sm  elementor-field-textual\" placeholder=\"E-Mail *\" required=\"required\">\n\t\t\t\t\t\t\t\t\t\t\t<\/div>\n\t\t\t\t\t\t\t\t<div class=\"elementor-field-type-text elementor-field-group elementor-column elementor-field-group-telefonnummer elementor-col-50\">\n\t\t\t\t\t\t\t\t\t\t\t\t<label for=\"form-field-telefonnummer\" class=\"elementor-field-label elementor-screen-only\">\n\t\t\t\t\t\t\t\tTelefoonnummer\t\t\t\t\t\t\t<\/label>\n\t\t\t\t\t\t\t\t\t\t\t\t\t\t<input size=\"1\" type=\"text\" name=\"form_fields[telefonnummer]\" id=\"form-field-telefonnummer\" class=\"elementor-field elementor-size-sm  elementor-field-textual\" placeholder=\"Telefoonnummer\">\n\t\t\t\t\t\t\t\t\t\t\t<\/div>\n\t\t\t\t\t\t\t\t<div class=\"elementor-field-type-textarea elementor-field-group elementor-column elementor-field-group-nachricht elementor-col-100 elementor-field-required\">\n\t\t\t\t\t\t\t\t\t\t\t\t<label for=\"form-field-nachricht\" class=\"elementor-field-label elementor-screen-only\">\n\t\t\t\t\t\t\t\tIhre Nachricht\t\t\t\t\t\t\t<\/label>\n\t\t\t\t\t\t<textarea class=\"elementor-field-textual elementor-field  elementor-size-sm\" name=\"form_fields[nachricht]\" id=\"form-field-nachricht\" rows=\"10\" placeholder=\"Uw bericht\" required=\"required\"><\/textarea>\t\t\t\t<\/div>\n\t\t\t\t\t\t\t\t<div class=\"elementor-field-type-recaptcha_v3 elementor-field-group elementor-column elementor-field-group-field_df65146 elementor-col-100 recaptcha_v3-inline\">\n\t\t\t\t\t<div class=\"elementor-field\" id=\"form-field-field_df65146\"><div class=\"elementor-g-recaptcha\" data-sitekey=\"6LfWnbYfAAAAALr92rUih5hWni53I9iEqOi6gwhn\" data-type=\"v3\" data-action=\"Form\" data-badge=\"inline\" data-size=\"invisible\"><\/div><\/div>\t\t\t\t<\/div>\n\t\t\t\t\t\t\t\t<div class=\"elementor-field-group elementor-column elementor-field-type-submit elementor-col-100 e-form__buttons\">\n\t\t\t\t\t<button class=\"elementor-button elementor-size-sm\" type=\"submit\">\n\t\t\t\t\t\t<span class=\"elementor-button-content-wrapper\">\n\t\t\t\t\t\t\t\t\t\t\t\t\t\t\t\t\t\t\t\t\t\t<span class=\"elementor-button-text\">Verzenden<\/span>\n\t\t\t\t\t\t\t\t\t\t\t\t\t<\/span>\n\t\t\t\t\t<\/button>\n\t\t\t\t<\/div>\n\t\t\t<\/div>\n\t\t<input type=\"hidden\" name=\"trp-form-language\" value=\"nl\"\/><\/form>\n\t\t\t\t\t\t<\/div>\n\t\t\t\t<\/div>\n\t\t\t\t\t<\/div>\n\t\t<\/div>\n\t\t\t\t\t<\/div>\n\t\t<\/section>\n\t\t\t\t<section class=\"elementor-section elementor-top-section elementor-element elementor-element-ff654dd elementor-section-full_width elementor-section-height-default elementor-section-height-default\" data-id=\"ff654dd\" data-element_type=\"section\">\n\t\t\t\t\t\t<div class=\"elementor-container elementor-column-gap-default\">\n\t\t\t\t\t<div class=\"elementor-column elementor-col-100 elementor-top-column elementor-element elementor-element-1724ea0\" data-id=\"1724ea0\" data-element_type=\"column\">\n\t\t\t<div class=\"elementor-widget-wrap elementor-element-populated\">\n\t\t\t\t\t\t<div class=\"elementor-element elementor-element-1053e73 elementor-widget elementor-widget-menu-anchor\" data-id=\"1053e73\" data-element_type=\"widget\" data-widget_type=\"menu-anchor.default\">\n\t\t\t\t<div class=\"elementor-widget-container\">\n\t\t\t\t\t\t\t<div class=\"elementor-menu-anchor\" id=\"Anfahrt\"><\/div>\n\t\t\t\t\t\t<\/div>\n\t\t\t\t<\/div>\n\t\t\t\t<div class=\"elementor-element elementor-element-d73d7e1 elementor-widget__width-inherit elementor-widget elementor-widget-google_maps\" data-id=\"d73d7e1\" data-element_type=\"widget\" data-widget_type=\"google_maps.default\">\n\t\t\t\t<div class=\"elementor-widget-container\">\n\t\t\t\t\t\t\t<div class=\"elementor-custom-embed\">\n\t\t\t<iframe loading=\"lazy\"\n\t\t\t\t\tsrc=\"https:\/\/maps.google.com\/maps?q=Konstantinstr.%20365%2C%2041238%20M%C3%B6nchengladbach%2C%20Deutschland&#038;t=m&#038;z=11&#038;output=embed&#038;iwloc=near\"\n\t\t\t\t\ttitle=\"Konstantinstr. 365, 41238 M\u00f6nchengladbach, Deutschland\"\n\t\t\t\t\taria-label=\"Konstantinstr. 365, 41238 M\u00f6nchengladbach, Deutschland\"\n\t\t\t><\/iframe>\n\t\t<\/div>\n\t\t\t\t\t\t<\/div>\n\t\t\t\t<\/div>\n\t\t\t\t\t<\/div>\n\t\t<\/div>\n\t\t\t\t\t<\/div>\n\t\t<\/section>\n\t\t\t\t<section class=\"elementor-section elementor-top-section elementor-element elementor-element-4b147e0a elementor-section-boxed elementor-section-height-default elementor-section-height-default\" data-id=\"4b147e0a\" data-element_type=\"section\" data-settings=\"{&quot;background_background&quot;:&quot;classic&quot;}\">\n\t\t\t\t\t\t<div class=\"elementor-container elementor-column-gap-default\">\n\t\t\t\t\t<div class=\"elementor-column elementor-col-100 elementor-top-column elementor-element elementor-element-221d2584\" data-id=\"221d2584\" data-element_type=\"column\">\n\t\t\t<div class=\"elementor-widget-wrap elementor-element-populated\">\n\t\t\t\t\t\t<div class=\"elementor-element elementor-element-7727e1c elementor-widget elementor-widget-heading\" data-id=\"7727e1c\" data-element_type=\"widget\" data-widget_type=\"heading.default\">\n\t\t\t\t<div class=\"elementor-widget-container\">\n\t\t\t\t\t<h2 class=\"elementor-heading-title elementor-size-default\">Een succesvolle samenwerking begint met een glimlach.<\/h2>\t\t\t\t<\/div>\n\t\t\t\t<\/div>\n\t\t\t\t<div class=\"elementor-element elementor-element-74440c0 elementor-widget elementor-widget-text-editor\" data-id=\"74440c0\" data-element_type=\"widget\" data-widget_type=\"text-editor.default\">\n\t\t\t\t<div class=\"elementor-widget-container\">\n\t\t\t\t\t\t\t\t\t<p>U vindt ons servicecentrum in M\u00f6nchengladbach \u2013 nabij D\u00fcsseldorf, Keulen en met directe verbinding naar de Nederlandse grens. Door de centrale ligging zijn we snel bereikbaar via de snelweg.<\/p><p>Ons team kijkt ernaar uit om u en uw bedrijf te leren kennen!<\/p>\t\t\t\t\t\t\t\t<\/div>\n\t\t\t\t<\/div>\n\t\t\t\t\t<\/div>\n\t\t<\/div>\n\t\t\t\t\t<\/div>\n\t\t<\/section>\n\t\t\t\t<\/div>","protected":false},"excerpt":{"rendered":"<p>Sch\u00f6n, dass wir Sie \u00fcberzeugen konnten! Gerne stehen Ihnen unsere Experten telefonisch oder per E-Mail beratend zur Seite und finden f\u00fcr Ihre spezifischen Anforderungen die wirtschaftlichste L\u00f6sung. Besuchen\u00a0Sie uns auch gerne in M\u00f6nchengladbach (NRW), um m\u00f6gliche Optionen vor Ort zu besprechen. CUT Wasserstrahlschneidtechnik GmbHKonstantinstr. 36541238 M\u00f6nchengladbach Zur Wegbeschreibung T: +49 2166 133079-0F: +49 2166 133079-9E: [&hellip;]<\/p>","protected":false},"author":1,"featured_media":2065,"parent":0,"menu_order":0,"comment_status":"closed","ping_status":"closed","template":"","meta":{"_monsterinsights_skip_tracking":false,"_monsterinsights_sitenote_active":false,"_monsterinsights_sitenote_note":"","_monsterinsights_sitenote_category":0,"footnotes":""},"class_list":["post-889","page","type-page","status-publish","has-post-thumbnail","hentry"],"yoast_head":"<!-- This site is optimized with the Yoast SEO plugin v26.2 - https:\/\/yoast.com\/wordpress\/plugins\/seo\/ -->\n<title>Kontakt - Wasserstrahlschneiden Servicecenter (NRW) | CUT<\/title>\n<meta name=\"description\" content=\"\u260e 02166 133079-0 | Servicecenter f\u00fcr Wasserstrahlschneiden und Metall Zuschnitte aus M\u00f6nchengladbach - n\u00e4he Krefeld, Viersen, D\u00fcsseldorf, K\u00f6ln.\" \/>\n<meta name=\"robots\" content=\"index, follow, max-snippet:-1, max-image-preview:large, max-video-preview:-1\" \/>\n<link rel=\"canonical\" href=\"https:\/\/www.cut-wasserstrahlschneiden.de\/nl\/contact\/\" \/>\n<meta name=\"twitter:label1\" content=\"Geschatte leestijd\" \/>\n\t<meta name=\"twitter:data1\" content=\"1 minuut\" \/>\n<script type=\"application\/ld+json\" class=\"yoast-schema-graph\">{\"@context\":\"https:\/\/schema.org\",\"@graph\":[{\"@type\":\"WebPage\",\"@id\":\"https:\/\/www.cut-wasserstrahlschneiden.de\/kontakt\/\",\"url\":\"https:\/\/www.cut-wasserstrahlschneiden.de\/kontakt\/\",\"name\":\"Kontakt - Wasserstrahlschneiden Servicecenter (NRW) | CUT\",\"isPartOf\":{\"@id\":\"https:\/\/www.cut-wasserstrahlschneiden.de\/#website\"},\"primaryImageOfPage\":{\"@id\":\"https:\/\/www.cut-wasserstrahlschneiden.de\/kontakt\/#primaryimage\"},\"image\":{\"@id\":\"https:\/\/www.cut-wasserstrahlschneiden.de\/kontakt\/#primaryimage\"},\"thumbnailUrl\":\"https:\/\/www.cut-wasserstrahlschneiden.de\/wp-content\/uploads\/2024\/01\/Edelstahl-Zuschnitte-1.4301-X5CrNi18-10-V2A-130-mm-4.jpg\",\"datePublished\":\"2020-03-05T14:38:50+00:00\",\"dateModified\":\"2025-11-18T19:45:04+00:00\",\"description\":\"\u260e 02166 133079-0 | Servicecenter f\u00fcr Wasserstrahlschneiden und Metall Zuschnitte aus M\u00f6nchengladbach - n\u00e4he Krefeld, Viersen, D\u00fcsseldorf, K\u00f6ln.\",\"breadcrumb\":{\"@id\":\"https:\/\/www.cut-wasserstrahlschneiden.de\/kontakt\/#breadcrumb\"},\"inLanguage\":\"nl-NL\",\"potentialAction\":[{\"@type\":\"ReadAction\",\"target\":[\"https:\/\/www.cut-wasserstrahlschneiden.de\/kontakt\/\"]}]},{\"@type\":\"ImageObject\",\"inLanguage\":\"nl-NL\",\"@id\":\"https:\/\/www.cut-wasserstrahlschneiden.de\/kontakt\/#primaryimage\",\"url\":\"https:\/\/www.cut-wasserstrahlschneiden.de\/wp-content\/uploads\/2024\/01\/Edelstahl-Zuschnitte-1.4301-X5CrNi18-10-V2A-130-mm-4.jpg\",\"contentUrl\":\"https:\/\/www.cut-wasserstrahlschneiden.de\/wp-content\/uploads\/2024\/01\/Edelstahl-Zuschnitte-1.4301-X5CrNi18-10-V2A-130-mm-4.jpg\",\"width\":1600,\"height\":645,\"caption\":\"Edelstahl Zuschnitte mit 130 mm und mehr. Wasserstrahlschneiden bei CUT f\u00fcr 1.4301 \/ X5CrNi18-10 Wasserstrahlzuschnitte (V2A).\"},{\"@type\":\"BreadcrumbList\",\"@id\":\"https:\/\/www.cut-wasserstrahlschneiden.de\/kontakt\/#breadcrumb\",\"itemListElement\":[{\"@type\":\"ListItem\",\"position\":1,\"name\":\"Home\",\"item\":\"https:\/\/www.cut-wasserstrahlschneiden.de\/\"},{\"@type\":\"ListItem\",\"position\":2,\"name\":\"Kontakt\"}]},{\"@type\":\"WebSite\",\"@id\":\"https:\/\/www.cut-wasserstrahlschneiden.de\/#website\",\"url\":\"https:\/\/www.cut-wasserstrahlschneiden.de\/\",\"name\":\"CUT Wasserstrahlschneidtechnik GmbH\",\"description\":\"\",\"publisher\":{\"@id\":\"https:\/\/www.cut-wasserstrahlschneiden.de\/#organization\"},\"potentialAction\":[{\"@type\":\"SearchAction\",\"target\":{\"@type\":\"EntryPoint\",\"urlTemplate\":\"https:\/\/www.cut-wasserstrahlschneiden.de\/?s={search_term_string}\"},\"query-input\":{\"@type\":\"PropertyValueSpecification\",\"valueRequired\":true,\"valueName\":\"search_term_string\"}}],\"inLanguage\":\"nl-NL\"},{\"@type\":\"Organization\",\"@id\":\"https:\/\/www.cut-wasserstrahlschneiden.de\/#organization\",\"name\":\"CUT Wasserstrahlschneidtechnik GmbH\",\"url\":\"https:\/\/www.cut-wasserstrahlschneiden.de\/\",\"logo\":{\"@type\":\"ImageObject\",\"inLanguage\":\"nl-NL\",\"@id\":\"https:\/\/www.cut-wasserstrahlschneiden.de\/#\/schema\/logo\/image\/\",\"url\":\"https:\/\/www.cut-wasserstrahlschneiden.de\/wp-content\/uploads\/2020\/03\/logo.png\",\"contentUrl\":\"https:\/\/www.cut-wasserstrahlschneiden.de\/wp-content\/uploads\/2020\/03\/logo.png\",\"width\":350,\"height\":88,\"caption\":\"CUT Wasserstrahlschneidtechnik GmbH\"},\"image\":{\"@id\":\"https:\/\/www.cut-wasserstrahlschneiden.de\/#\/schema\/logo\/image\/\"}}]}<\/script>\n<!-- \/ Yoast SEO plugin. -->","yoast_head_json":{"title":"Contact - Waterstraalsnijden Servicecentrum (Duitsland) | CUT","description":"\u260e +492166 133079-0 | Servicecentrum voor waterstraalsnijden en metaalbewerkingen in M\u00f6nchengladbach, Duitsland (Germany).","robots":{"index":"index","follow":"follow","max-snippet":"max-snippet:-1","max-image-preview":"max-image-preview:large","max-video-preview":"max-video-preview:-1"},"canonical":"https:\/\/www.cut-wasserstrahlschneiden.de\/nl\/contact\/","twitter_misc":{"Geschatte leestijd":"1 minuut"},"schema":{"@context":"https:\/\/schema.org","@graph":[{"@type":"WebPage","@id":"https:\/\/www.cut-wasserstrahlschneiden.de\/kontakt\/","url":"https:\/\/www.cut-wasserstrahlschneiden.de\/kontakt\/","name":"Contact - Waterstraalsnijden Servicecentrum (Duitsland) | CUT","isPartOf":{"@id":"https:\/\/www.cut-wasserstrahlschneiden.de\/#website"},"primaryImageOfPage":{"@id":"https:\/\/www.cut-wasserstrahlschneiden.de\/kontakt\/#primaryimage"},"image":{"@id":"https:\/\/www.cut-wasserstrahlschneiden.de\/kontakt\/#primaryimage"},"thumbnailUrl":"https:\/\/www.cut-wasserstrahlschneiden.de\/wp-content\/uploads\/2024\/01\/Edelstahl-Zuschnitte-1.4301-X5CrNi18-10-V2A-130-mm-4.jpg","datePublished":"2020-03-05T14:38:50+00:00","dateModified":"2025-11-18T19:45:04+00:00","description":"\u260e +492166 133079-0 | Servicecentrum voor waterstraalsnijden en metaalbewerkingen in M\u00f6nchengladbach, Duitsland (Germany).","breadcrumb":{"@id":"https:\/\/www.cut-wasserstrahlschneiden.de\/kontakt\/#breadcrumb"},"inLanguage":"nl-NL","potentialAction":[{"@type":"ReadAction","target":["https:\/\/www.cut-wasserstrahlschneiden.de\/kontakt\/"]}]},{"@type":"ImageObject","inLanguage":"nl-NL","@id":"https:\/\/www.cut-wasserstrahlschneiden.de\/kontakt\/#primaryimage","url":"https:\/\/www.cut-wasserstrahlschneiden.de\/wp-content\/uploads\/2024\/01\/Edelstahl-Zuschnitte-1.4301-X5CrNi18-10-V2A-130-mm-4.jpg","contentUrl":"https:\/\/www.cut-wasserstrahlschneiden.de\/wp-content\/uploads\/2024\/01\/Edelstahl-Zuschnitte-1.4301-X5CrNi18-10-V2A-130-mm-4.jpg","width":1600,"height":645,"caption":"Edelstahl Zuschnitte mit 130 mm und mehr. Wasserstrahlschneiden bei CUT f\u00fcr 1.4301 \/ X5CrNi18-10 Wasserstrahlzuschnitte (V2A)."},{"@type":"BreadcrumbList","@id":"https:\/\/www.cut-wasserstrahlschneiden.de\/kontakt\/#breadcrumb","itemListElement":[{"@type":"ListItem","position":1,"name":"Home","item":"https:\/\/www.cut-wasserstrahlschneiden.de\/"},{"@type":"ListItem","position":2,"name":"Kontakt"}]},{"@type":"WebSite","@id":"https:\/\/www.cut-wasserstrahlschneiden.de\/#website","url":"https:\/\/www.cut-wasserstrahlschneiden.de\/","name":"CUT Wasserstrahlschneidtechnik GmbH","description":"","publisher":{"@id":"https:\/\/www.cut-wasserstrahlschneiden.de\/#organization"},"potentialAction":[{"@type":"SearchAction","target":{"@type":"EntryPoint","urlTemplate":"https:\/\/www.cut-wasserstrahlschneiden.de\/?s={search_term_string}"},"query-input":{"@type":"PropertyValueSpecification","valueRequired":true,"valueName":"search_term_string"}}],"inLanguage":"nl-NL"},{"@type":"Organization","@id":"https:\/\/www.cut-wasserstrahlschneiden.de\/#organization","name":"CUT Wasserstrahlschneidtechnik GmbH","url":"https:\/\/www.cut-wasserstrahlschneiden.de\/","logo":{"@type":"ImageObject","inLanguage":"nl-NL","@id":"https:\/\/www.cut-wasserstrahlschneiden.de\/#\/schema\/logo\/image\/","url":"https:\/\/www.cut-wasserstrahlschneiden.de\/wp-content\/uploads\/2020\/03\/logo.png","contentUrl":"https:\/\/www.cut-wasserstrahlschneiden.de\/wp-content\/uploads\/2020\/03\/logo.png","width":350,"height":88,"caption":"CUT Wasserstrahlschneidtechnik GmbH"},"image":{"@id":"https:\/\/www.cut-wasserstrahlschneiden.de\/#\/schema\/logo\/image\/"}}]}},"_links":{"self":[{"href":"https:\/\/www.cut-wasserstrahlschneiden.de\/nl\/wp-json\/wp\/v2\/pages\/889","targetHints":{"allow":["GET"]}}],"collection":[{"href":"https:\/\/www.cut-wasserstrahlschneiden.de\/nl\/wp-json\/wp\/v2\/pages"}],"about":[{"href":"https:\/\/www.cut-wasserstrahlschneiden.de\/nl\/wp-json\/wp\/v2\/types\/page"}],"author":[{"embeddable":true,"href":"https:\/\/www.cut-wasserstrahlschneiden.de\/nl\/wp-json\/wp\/v2\/users\/1"}],"replies":[{"embeddable":true,"href":"https:\/\/www.cut-wasserstrahlschneiden.de\/nl\/wp-json\/wp\/v2\/comments?post=889"}],"version-history":[{"count":108,"href":"https:\/\/www.cut-wasserstrahlschneiden.de\/nl\/wp-json\/wp\/v2\/pages\/889\/revisions"}],"predecessor-version":[{"id":6253,"href":"https:\/\/www.cut-wasserstrahlschneiden.de\/nl\/wp-json\/wp\/v2\/pages\/889\/revisions\/6253"}],"wp:featuredmedia":[{"embeddable":true,"href":"https:\/\/www.cut-wasserstrahlschneiden.de\/nl\/wp-json\/wp\/v2\/media\/2065"}],"wp:attachment":[{"href":"https:\/\/www.cut-wasserstrahlschneiden.de\/nl\/wp-json\/wp\/v2\/media?parent=889"}],"curies":[{"name":"wp","href":"https:\/\/api.w.org\/{rel}","templated":true}]}}